{"id":71,"date":"2024-11-25T08:53:57","date_gmt":"2024-11-25T08:53:57","guid":{"rendered":"https:\/\/yrittajienkokoomus.fi\/?page_id=71"},"modified":"2024-11-26T10:19:38","modified_gmt":"2024-11-26T10:19:38","slug":"verkosto","status":"publish","type":"page","link":"https:\/\/yrittajienkokoomus.fi\/?page_id=71","title":{"rendered":"VERKOSTO"},"content":{"rendered":"\n<p><\/p>\n\n\n<h3 class=\"western\">YRITYSTOIMINNAN VERKOSTO<\/h3>\n<p>Yritt\u00e4jien kokoomus Lahti on yritt\u00e4jien verkosto, joka etsii hyvi\u00e4 k\u00e4yt\u00e4nteit\u00e4 kent\u00e4lt\u00e4, jalostaa, jalkauttaa ja monistaa niit\u00e4 muidenkin k\u00e4ytt\u00f6\u00f6n.<\/p>\n<p class=\"western\">L\u00e4htem\u00e4ll\u00e4 mukaan tapaat samoin ajattelevia yritt\u00e4ji\u00e4 ja voit luoda kokoomuslaisen sosiaalisen yritt\u00e4j\u00e4verkostosi.<\/p>\n<p class=\"western\"><strong>Yritt\u00e4j\u00e4osaaminen<\/strong><\/p>\n<p>Oman alan ammattitaidon lis\u00e4ksi yritt\u00e4j\u00e4lt\u00e4 vaaditaan monipuolista osaamista yritystoiminnan eri osa-alueilta. H\u00e4nen tulee hallita yrityksen ostotoiminta, tuotteen valmistus, markkinointi, yrityksen talousasiat jne. Silloin kun yritt\u00e4j\u00e4ll\u00e4 on ty\u00f6ntekij\u00f6it\u00e4, h\u00e4nell\u00e4 tulee my\u00f6s olla ihmisten johtamisessa tarvittavia esimiestaitoja.<\/p>\n<p>Yritt\u00e4j\u00e4 joutuu tekem\u00e4\u00e4n yksin kaikki yritystoimintaansa liittyv\u00e4t t\u00e4rke\u00e4t p\u00e4\u00e4t\u00f6kset. H\u00e4nell\u00e4 ei ole esimiest\u00e4, jonka puoleen voisi k\u00e4\u00e4nty\u00e4 vaikeissa ratkaisuissa. Toki yritt\u00e4j\u00e4 voi hankkia p\u00e4\u00e4t\u00f6ksentekonsa tueksi tietoa yrityksen ulkopuolelta ja kuunnella asiantuntijoita, mutta lopullisen p\u00e4\u00e4t\u00f6ksen yritt\u00e4j\u00e4 tekee viimek\u00e4dess\u00e4 itse ja kantaa siit\u00e4 my\u00f6s vastuun.<\/p>\n<p class=\"western\"><strong>Yritt\u00e4j\u00e4 asettaa itse omat tavoitteensa.<\/strong><\/p>\n<p>Yritt\u00e4j\u00e4t voivat asettaa taloudelliset ja muut yritt\u00e4miseen liittyv\u00e4t tavoitteensa kunnianhimoisesti korkealle, mutta toisaalta yritt\u00e4misen vapaus antaa mahdollisuuden asettaa n\u00e4m\u00e4 tavoitteet my\u00f6s matalammalle tasolle esimerkiksi silloin, kun yritt\u00e4j\u00e4n henkil\u00f6kohtainen el\u00e4m\u00e4ntilanne sit\u00e4 edellytt\u00e4\u00e4.<\/p>\n<p class=\"western\">Ty\u00f6llisyys hyvinvointi ja luontoarvot ovat sovitettavissa yhteen vaikka haasteet ovat usein moniulotteisia. Puhdas luontomme ja korkea osaamisemme ovat ponnahduslauta ymp\u00e4rist\u00f6alan globaaliksi edell\u00e4k\u00e4vij\u00e4ksi.<\/p>\n<p><strong>Verkostoituminen auttaa<\/strong><\/p>\n<p>Kun<span style=\"color: #0e0e0e;\"><span style=\"font-size: medium;\"> yritt\u00e4jyys lopulta ottaa tulta alleen, ei moni en\u00e4\u00e4 katso taakseen. Yritt\u00e4jyys saattaa usein, erityisesti alussa olla kovaa ty\u00f6t\u00e4, mutta kun viimeinkin onnistut siin\u00e4 mit\u00e4 teet, on onnistumisen tunne usein niin palkitsevaa, ett\u00e4 tavallinen palkkaty\u00f6 ei en\u00e4\u00e4 ole vaihtoehto.<\/span><\/span><\/p>\n<p><span style=\"color: #0e0e0e;\"><span style=\"font-size: medium;\">Monelle yritt\u00e4jyys onkin kokonaisvaltainen el\u00e4m\u00e4ntapa. Se vaatii rohkeutta, uskallusta ja v\u00e4lill\u00e4 ihan todellista sisuakin, mutta onnistumisen tunne on my\u00f6s monin verroin palkitsevampi. Yritt\u00e4j\u00e4n\u00e4 voit todella n\u00e4hd\u00e4 oman ty\u00f6si tulokset.<\/span><\/span><em><span style=\"color: #0e0e0e;\"><span style=\"font-size: medium;\"><br \/><\/span><\/span><\/em><\/p>\n<p>&nbsp;<\/p>\n<p>&nbsp;<\/p>\n<p><em><span style=\"color: #0e0e0e;\"><span style=\"font-size: large;\">\u00a0<\/span><\/span><\/em><\/p>\n<h2 class=\"western\">\u200c<\/h2>\n<h3 class=\"western\">\u00a0<\/h3>\n<p>&nbsp;<\/p>","protected":false},"excerpt":{"rendered":"<p>YRITYSTOIMINNAN VERKOSTO Yritt\u00e4jien kokoomus Lahti on yritt\u00e4jien verkosto, joka etsii hyvi\u00e4 k\u00e4yt\u00e4nteit\u00e4 kent\u00e4lt\u00e4, jalostaa, jalkauttaa ja monistaa niit\u00e4 muidenkin k\u00e4ytt\u00f6\u00f6n. L\u00e4htem\u00e4ll\u00e4 mukaan tapaat samoin ajattelevia yritt\u00e4ji\u00e4 ja voit luoda kokoomuslaisen sosiaalisen yritt\u00e4j\u00e4verkostosi. Yritt\u00e4j\u00e4osaaminen Oman alan ammattitaidon lis\u00e4ksi yritt\u00e4j\u00e4lt\u00e4 vaaditaan monipuolista osaamista yritystoiminnan eri osa-alueilta. H\u00e4nen tulee hallita yrityksen ostotoiminta, tuotteen valmistus, markkinointi, yrityksen talousasiat jne. &hellip; <\/p>\n<p class=\"link-more\"><a href=\"https:\/\/yrittajienkokoomus.fi\/?page_id=71\" class=\"more-link\">Jatka lukemista<span class=\"screen-reader-text\"> &#8221;VERKOSTO&#8221;<\/span><\/a><\/p>\n","protected":false},"author":1,"featured_media":76,"parent":0,"menu_order":0,"comment_status":"closed","ping_status":"closed","template":"","meta":{"footnotes":""},"class_list":["post-71","page","type-page","status-publish","has-post-thumbnail","hentry"],"_links":{"self":[{"href":"https:\/\/yrittajienkokoomus.fi\/index.php?rest_route=\/wp\/v2\/pages\/71","targetHints":{"allow":["GET"]}}],"collection":[{"href":"https:\/\/yrittajienkokoomus.fi\/index.php?rest_route=\/wp\/v2\/pages"}],"about":[{"href":"https:\/\/yrittajienkokoomus.fi\/index.php?rest_route=\/wp\/v2\/types\/page"}],"author":[{"embeddable":true,"href":"https:\/\/yrittajienkokoomus.fi\/index.php?rest_route=\/wp\/v2\/users\/1"}],"replies":[{"embeddable":true,"href":"https:\/\/yrittajienkokoomus.fi\/index.php?rest_route=%2Fwp%2Fv2%2Fcomments&post=71"}],"version-history":[{"count":5,"href":"https:\/\/yrittajienkokoomus.fi\/index.php?rest_route=\/wp\/v2\/pages\/71\/revisions"}],"predecessor-version":[{"id":148,"href":"https:\/\/yrittajienkokoomus.fi\/index.php?rest_route=\/wp\/v2\/pages\/71\/revisions\/148"}],"wp:featuredmedia":[{"embeddable":true,"href":"https:\/\/yrittajienkokoomus.fi\/index.php?rest_route=\/wp\/v2\/media\/76"}],"wp:attachment":[{"href":"https:\/\/yrittajienkokoomus.fi\/index.php?rest_route=%2Fwp%2Fv2%2Fmedia&parent=71"}],"curies":[{"name":"wp","href":"https:\/\/api.w.org\/{rel}","templated":true}]}}