{"id":66,"date":"2024-11-25T08:00:50","date_gmt":"2024-11-25T08:00:50","guid":{"rendered":"https:\/\/yrittajienkokoomus.fi\/?page_id=66"},"modified":"2024-11-26T11:29:52","modified_gmt":"2024-11-26T11:29:52","slug":"historiaa","status":"publish","type":"page","link":"https:\/\/yrittajienkokoomus.fi\/?page_id=66","title":{"rendered":"HISTORIAA"},"content":{"rendered":"<p>HISTORIAA<\/p>\n<p><span style=\"font-size: small;\">Lahden Yritt\u00e4j\u00e4in Kokoomus ry:n perustivat 1990-luvun alussa talouden lamavuosien kaataessa suomalaisia yrityksi\u00e4, ty\u00f6tt\u00f6myyden noustessa enn\u00e4tyskorkealle, valtion talousvaikeuksien aikana ja my\u00f6s yhteiskunnallisina murrosvuosina yritt\u00e4j\u00e4t Kai Joufs, Juhani Hilkemaa, Seppo Lappalainen ja Pentti Heikkurinen, joista viimeksi mainittu oli keskeinen henkil\u00f6 yritt\u00e4jien paikallisyhdistyksen alkuun saattamisessa. Perustamista jouduttivat linjaerot lahtelaisoikeiston paikallispolitiikasta ja my\u00f6s johtivat vuosikausia kest\u00e4neisiin oikeusriitoihin, jotka saatiin p\u00e4\u00e4t\u00f6kseen p\u00e4\u00e4osin sopimalla ja osaksi my\u00f6s oikeuden p\u00e4\u00e4t\u00f6ksell\u00e4 vasta l\u00e4hell\u00e4 vuosituhannen vaihdetta. Aktiivisina j\u00e4senin\u00e4 ovat toimineet my\u00f6s Jouni Kumpulainen, Reijo Kantolahti sek\u00e4 Ky\u00f6sti Isosaari.<br \/><\/span><\/p>\n<p align=\"left\"><span style=\"font-size: small;\">Alkuvuosien toiminta oli p\u00e4\u00e4osin perustajiensa varassa, j\u00e4senm\u00e4\u00e4r\u00e4n pysytelless\u00e4 kymmenen (10) maksavan j\u00e4senen molemmin puolin. Yhdistyksen toimihenkil\u00f6t vaihtuivat muutamien vuosien v\u00e4lein mutta edelleen perustajaj\u00e4senten aktiivisuuteen perustuen, my\u00f6s niiss\u00e4 Lahden kaupungin organisaation luottamusteht\u00e4viss\u00e4, joista yhdistys sai paikan. <br \/><\/span><\/p>\n<p align=\"left\"><span style=\"font-size: small;\">Nastolan kunnan yhdistyminen 2016 toi merkitt\u00e4v\u00e4sti uutta aktiivisuutta koko poliittisen kent\u00e4n toimintaan, niin my\u00f6s Lahden Kokoomuksen j\u00e4senyhdistyksille.<\/span><\/p>\n<p align=\"left\"><span style=\"font-size: small;\">Lahden Yritt\u00e4j\u00e4in Kokoomus ry:n nimi muuttui <\/span><strong><span style=\"font-size: small;\">Yritt\u00e4jien Kokoomus Lahti ry:ksi<\/span><\/strong><span style=\"font-size: small;\"> vuosikymmene j\u00e4lkipuoliskolla, kun Kansallinen Kokoomus rp otti k\u00e4ytt\u00f6\u00f6n paikallistyhdistyksille tarkoitetut (yhten\u00e4iset) mallis\u00e4\u00e4nn\u00f6t ja Lahden Yritt\u00e4j\u00e4in Kokoomus ry lukuisien muiden ohella ajantasaisti ja harmonisoin s\u00e4\u00e4nt\u00f6ns\u00e4 emopuolueen s\u00e4\u00e4nt\u00f6jen mukaisiksi. Muutosvaihen toteuttivat yhdistyksen hallituksen puheenjohtajana Jouni Kumpulainen ja sihteerin\u00e4 Seppo Lappalainen.<\/span><\/p>\n<p align=\"left\"><span style=\"font-size: small;\">Lahden Yritt\u00e4j\u00e4in Kokoomus ry:ss\u00e4 oli vuoden 2016 lopussa kirjattuna 8 maksanutta j\u00e4sent\u00e4 ja toiminnan er\u00e4\u00e4ksi keskeiseksi ja t\u00e4rke\u00e4ksi tavoitteeksi nostettiin j\u00e4senm\u00e4\u00e4r\u00e4n kaksinkertaistaminen vuosikymmenen loppuun menness\u00e4. Toiseksi tavoitteeksi otettiin yhdistyksen edustajan nostaminen Lahden kaupunginvaltuustoon, jossa yhdistyksell\u00e4 ei ollut edustajaa l\u00e4hes 15 vuoteen. Molemmissa tavoitteissa onnistuttiin ja 2020-luvun alkaessa j\u00e4senm\u00e4\u00e4r\u00e4 l\u00e4hestyi 20 j\u00e4senen rajapyykki\u00e4, jolla tasolla se on t\u00e4ll\u00e4 hetkell\u00e4kin ja Kaupunginvalttuston j\u00e4seneksi kunnalisvaaleissa 2011 nousi yritt\u00e4j\u00e4 Jukka Ruhrberg, joka nimettiin my\u00f6s Lahti Energian Oy:n hallitukseen.<\/span><\/p>\n\n\n<p><\/p>\n","protected":false},"excerpt":{"rendered":"<p>HISTORIAA Lahden Yritt\u00e4j\u00e4in Kokoomus ry:n perustivat 1990-luvun alussa talouden lamavuosien kaataessa suomalaisia yrityksi\u00e4, ty\u00f6tt\u00f6myyden noustessa enn\u00e4tyskorkealle, valtion talousvaikeuksien aikana ja my\u00f6s yhteiskunnallisina murrosvuosina yritt\u00e4j\u00e4t Kai Joufs, Juhani Hilkemaa, Seppo Lappalainen ja Pentti Heikkurinen, joista viimeksi mainittu oli keskeinen henkil\u00f6 yritt\u00e4jien paikallisyhdistyksen alkuun saattamisessa. Perustamista jouduttivat linjaerot lahtelaisoikeiston paikallispolitiikasta ja my\u00f6s johtivat vuosikausia kest\u00e4neisiin oikeusriitoihin, jotka &hellip; <\/p>\n<p class=\"link-more\"><a href=\"https:\/\/yrittajienkokoomus.fi\/?page_id=66\" class=\"more-link\">Jatka lukemista<span class=\"screen-reader-text\"> &#8221;HISTORIAA&#8221;<\/span><\/a><\/p>\n","protected":false},"author":1,"featured_media":166,"parent":0,"menu_order":0,"comment_status":"closed","ping_status":"closed","template":"","meta":{"footnotes":""},"class_list":["post-66","page","type-page","status-publish","has-post-thumbnail","hentry"],"_links":{"self":[{"href":"https:\/\/yrittajienkokoomus.fi\/index.php?rest_route=\/wp\/v2\/pages\/66","targetHints":{"allow":["GET"]}}],"collection":[{"href":"https:\/\/yrittajienkokoomus.fi\/index.php?rest_route=\/wp\/v2\/pages"}],"about":[{"href":"https:\/\/yrittajienkokoomus.fi\/index.php?rest_route=\/wp\/v2\/types\/page"}],"author":[{"embeddable":true,"href":"https:\/\/yrittajienkokoomus.fi\/index.php?rest_route=\/wp\/v2\/users\/1"}],"replies":[{"embeddable":true,"href":"https:\/\/yrittajienkokoomus.fi\/index.php?rest_route=%2Fwp%2Fv2%2Fcomments&post=66"}],"version-history":[{"count":3,"href":"https:\/\/yrittajienkokoomus.fi\/index.php?rest_route=\/wp\/v2\/pages\/66\/revisions"}],"predecessor-version":[{"id":147,"href":"https:\/\/yrittajienkokoomus.fi\/index.php?rest_route=\/wp\/v2\/pages\/66\/revisions\/147"}],"wp:featuredmedia":[{"embeddable":true,"href":"https:\/\/yrittajienkokoomus.fi\/index.php?rest_route=\/wp\/v2\/media\/166"}],"wp:attachment":[{"href":"https:\/\/yrittajienkokoomus.fi\/index.php?rest_route=%2Fwp%2Fv2%2Fmedia&parent=66"}],"curies":[{"name":"wp","href":"https:\/\/api.w.org\/{rel}","templated":true}]}}