{"id":13,"date":"2024-11-25T07:54:00","date_gmt":"2024-11-25T07:54:00","guid":{"rendered":"https:\/\/yrittajienkokoomus.fi\/?page_id=13"},"modified":"2024-11-26T10:21:26","modified_gmt":"2024-11-26T10:21:26","slug":"liity-jaseneksi","status":"publish","type":"page","link":"https:\/\/yrittajienkokoomus.fi\/?page_id=13","title":{"rendered":"LIITY J\u00c4SENEKSI"},"content":{"rendered":"<h2 class=\"western\">\u200cLIITY J\u00c4SENEKSI<\/h2>\n<h2 class=\"western\">Yhdistyksen varsinaiseksi j\u00e4seneksi voi liitty\u00e4 viisitoista (15) vuotta t\u00e4ytt\u00e4nyt Suomen kansalainen, joka hyv\u00e4ksyy yhdistyksen tarkoituksen ja toiminnan sek\u00e4 puolueen yleiset periaatteet ja jonka yhdistyksen hallitus hyv\u00e4ksyy j\u00e4seneksi.<\/h2>\n<p><strong><em><span style=\"color: #050505;\"><span style=\"font-family: Montserrat;\"><span style=\"font-size: large;\">L\u00e4htem\u00e4ll\u00e4 mukaan tapaat samoin ajattelevia yritt\u00e4ji\u00e4 ja voit luoda kokoomuslaisen sosiaalisen yritt\u00e4j\u00e4verkostosi.\u00a0<\/span><\/span><\/span><\/em><\/strong><\/p>\n<h4><strong><em><span style=\"color: #050505;\"><span style=\"font-size: small;\">YRITT\u00c4JIEN KOKOOMUS LAHTI ry<\/span><\/span><\/em><\/strong><\/h4>\n<h4><a href=\"mailto:info@yrittajienkokoomus.fi\"><span style=\"color: #050505;\"><span style=\"font-size: small;\">email : info@yrittajienkokoomus.fi<\/span><\/span><\/a><\/h4>\n","protected":false},"excerpt":{"rendered":"<p>\u200cLIITY J\u00c4SENEKSI Yhdistyksen varsinaiseksi j\u00e4seneksi voi liitty\u00e4 viisitoista (15) vuotta t\u00e4ytt\u00e4nyt Suomen kansalainen, joka hyv\u00e4ksyy yhdistyksen tarkoituksen ja toiminnan sek\u00e4 puolueen yleiset periaatteet ja jonka yhdistyksen hallitus hyv\u00e4ksyy j\u00e4seneksi. L\u00e4htem\u00e4ll\u00e4 mukaan tapaat samoin ajattelevia yritt\u00e4ji\u00e4 ja voit luoda kokoomuslaisen sosiaalisen yritt\u00e4j\u00e4verkostosi.\u00a0 YRITT\u00c4JIEN KOKOOMUS LAHTI ry email : info@yrittajienkokoomus.fi<\/p>\n","protected":false},"author":1,"featured_media":34,"parent":0,"menu_order":0,"comment_status":"closed","ping_status":"closed","template":"","meta":{"footnotes":""},"class_list":["post-13","page","type-page","status-publish","has-post-thumbnail","hentry"],"_links":{"self":[{"href":"https:\/\/yrittajienkokoomus.fi\/index.php?rest_route=\/wp\/v2\/pages\/13","targetHints":{"allow":["GET"]}}],"collection":[{"href":"https:\/\/yrittajienkokoomus.fi\/index.php?rest_route=\/wp\/v2\/pages"}],"about":[{"href":"https:\/\/yrittajienkokoomus.fi\/index.php?rest_route=\/wp\/v2\/types\/page"}],"author":[{"embeddable":true,"href":"https:\/\/yrittajienkokoomus.fi\/index.php?rest_route=\/wp\/v2\/users\/1"}],"replies":[{"embeddable":true,"href":"https:\/\/yrittajienkokoomus.fi\/index.php?rest_route=%2Fwp%2Fv2%2Fcomments&post=13"}],"version-history":[{"count":6,"href":"https:\/\/yrittajienkokoomus.fi\/index.php?rest_route=\/wp\/v2\/pages\/13\/revisions"}],"predecessor-version":[{"id":149,"href":"https:\/\/yrittajienkokoomus.fi\/index.php?rest_route=\/wp\/v2\/pages\/13\/revisions\/149"}],"wp:featuredmedia":[{"embeddable":true,"href":"https:\/\/yrittajienkokoomus.fi\/index.php?rest_route=\/wp\/v2\/media\/34"}],"wp:attachment":[{"href":"https:\/\/yrittajienkokoomus.fi\/index.php?rest_route=%2Fwp%2Fv2%2Fmedia&parent=13"}],"curies":[{"name":"wp","href":"https:\/\/api.w.org\/{rel}","templated":true}]}}