{"id":12,"date":"2024-11-25T07:54:00","date_gmt":"2024-11-25T07:54:00","guid":{"rendered":"https:\/\/yrittajienkokoomus.fi\/?page_id=12"},"modified":"2024-11-26T13:40:53","modified_gmt":"2024-11-26T13:40:53","slug":"tietoja","status":"publish","type":"page","link":"https:\/\/yrittajienkokoomus.fi\/?page_id=12","title":{"rendered":"YHDISTYS"},"content":{"rendered":"<h2>YHDISTYS<\/h2>\n<p>Olemme\u00a0 <strong>LAHDEN YRITT\u00c4JIEN\u00a0 KOKOOMUS ry.<\/strong><\/p>\n<p>Suomessa ihmisill\u00e4 on mahdollisuus vaurastua omalla osaamisella, ahkeruudella, ty\u00f6nteolla ja yritt\u00e4misell\u00e4. Kokoomuksen mielest\u00e4 yritt\u00e4jyys kuuluu itseisarvoisesti toimivaan yhteiskuntaan, mutta yritt\u00e4j\u00e4t my\u00f6s mahdollistavat laajat hyvinvointipalvelumme.<\/p>\n<p>Osallistumalla oman paikallisyhdistyksen <strong>Lahden Yritt\u00e4jien Kokoomuksen\u00a0<\/strong>toimintaan sinulla on mahdollisuus osallistua vire\u00e4\u00e4n yhdistystoimintaan ja vaikuttaa siihen, mit\u00e4 puolueessa tapahtuu yritt\u00e4juudenkin osalla. Paikallistasolta tulevat Kokoomuksen poliittiset tavoitteet, joiden m\u00e4\u00e4rittelij\u00e4 on kahden vuoden v\u00e4lein kokoontuva, paikallisyhdistysten edustajista koostuva puoluekokous. <strong>Yhdistyksemme l\u00e4hett\u00e4v\u00e4t edustajat puoluekokoukseen.<\/strong><\/p>\n<p>Me yritt\u00e4jien kokoomuksessa pyrimme tekem\u00e4\u00e4n osamme. Suomen yritysrakenne on painottunut pienyrityksiin ja pk-yritysten osuus viennist\u00e4 on vertailumaita pienempi. Erityisen kipe\u00e4sti tarvitsemme kasvuhakuisia yrityksi\u00e4.<\/p>\n<p>Yhteiskunta ei toimi est\u00e4j\u00e4n\u00e4 vaan mahdollistajana. On aktiivisesti kysytt\u00e4v\u00e4, miten t\u00e4m\u00e4 vaikuttaa yritt\u00e4jiin ja millainen maa Suomi on innostuneelle yritt\u00e4j\u00e4lle.<\/p>\n<p>Yritt\u00e4misen on kunniateht\u00e4v\u00e4. Yritt\u00e4j\u00e4t ottavat paljon riskej\u00e4, ja ovat merkitt\u00e4vi\u00e4 ty\u00f6llist\u00e4ji\u00e4. Monet eiv\u00e4t uskalla l\u00e4hte\u00e4 yritt\u00e4j\u00e4ksi ep\u00e4onnistumisen pelossa. Riskit t\u00e4ytyy tunnistaa, mutta mik\u00e4li ei ota riskej\u00e4, ei voi mit\u00e4\u00e4n saavuttaakaan.<\/p>\n<p class=\"western\" align=\"left\"><em><span style=\"font-size: large;\">Oletko kiinnostunut l\u00e4htem\u00e4\u00e4n mukaan yritt\u00e4jien kokoomuksen toimintaan? Haluatko vaikuttaa asioihin ? Ole rohkeasti meihin yhteydess\u00e4.<\/span><\/em><\/p>\n<p>Yhdistyksemme varsinaiseksi j\u00e4seneksi voi liitty\u00e4 viisitoista (15) vuotta t\u00e4ytt\u00e4nyt Suomen kansalainen, joka hyv\u00e4ksyy yhdistyksen tarkoituksen ja toiminnan sek\u00e4 puolueen yleiset periaatteet ja jonka yhdistyksen hallitus hyv\u00e4ksyy j\u00e4seneksi.<\/p>\n","protected":false},"excerpt":{"rendered":"<p>YHDISTYS Olemme\u00a0 LAHDEN YRITT\u00c4JIEN\u00a0 KOKOOMUS ry. Suomessa ihmisill\u00e4 on mahdollisuus vaurastua omalla osaamisella, ahkeruudella, ty\u00f6nteolla ja yritt\u00e4misell\u00e4. Kokoomuksen mielest\u00e4 yritt\u00e4jyys kuuluu itseisarvoisesti toimivaan yhteiskuntaan, mutta yritt\u00e4j\u00e4t my\u00f6s mahdollistavat laajat hyvinvointipalvelumme. Osallistumalla oman paikallisyhdistyksen Lahden Yritt\u00e4jien Kokoomuksen\u00a0toimintaan sinulla on mahdollisuus osallistua vire\u00e4\u00e4n yhdistystoimintaan ja vaikuttaa siihen, mit\u00e4 puolueessa tapahtuu yritt\u00e4juudenkin osalla. Paikallistasolta tulevat Kokoomuksen poliittiset tavoitteet, &hellip; <\/p>\n<p class=\"link-more\"><a href=\"https:\/\/yrittajienkokoomus.fi\/?page_id=12\" class=\"more-link\">Jatka lukemista<span class=\"screen-reader-text\"> &#8221;YHDISTYS&#8221;<\/span><\/a><\/p>\n","protected":false},"author":1,"featured_media":46,"parent":0,"menu_order":0,"comment_status":"closed","ping_status":"closed","template":"","meta":{"footnotes":""},"class_list":["post-12","page","type-page","status-publish","has-post-thumbnail","hentry"],"_links":{"self":[{"href":"https:\/\/yrittajienkokoomus.fi\/index.php?rest_route=\/wp\/v2\/pages\/12","targetHints":{"allow":["GET"]}}],"collection":[{"href":"https:\/\/yrittajienkokoomus.fi\/index.php?rest_route=\/wp\/v2\/pages"}],"about":[{"href":"https:\/\/yrittajienkokoomus.fi\/index.php?rest_route=\/wp\/v2\/types\/page"}],"author":[{"embeddable":true,"href":"https:\/\/yrittajienkokoomus.fi\/index.php?rest_route=\/wp\/v2\/users\/1"}],"replies":[{"embeddable":true,"href":"https:\/\/yrittajienkokoomus.fi\/index.php?rest_route=%2Fwp%2Fv2%2Fcomments&post=12"}],"version-history":[{"count":7,"href":"https:\/\/yrittajienkokoomus.fi\/index.php?rest_route=\/wp\/v2\/pages\/12\/revisions"}],"predecessor-version":[{"id":173,"href":"https:\/\/yrittajienkokoomus.fi\/index.php?rest_route=\/wp\/v2\/pages\/12\/revisions\/173"}],"wp:featuredmedia":[{"embeddable":true,"href":"https:\/\/yrittajienkokoomus.fi\/index.php?rest_route=\/wp\/v2\/media\/46"}],"wp:attachment":[{"href":"https:\/\/yrittajienkokoomus.fi\/index.php?rest_route=%2Fwp%2Fv2%2Fmedia&parent=12"}],"curies":[{"name":"wp","href":"https:\/\/api.w.org\/{rel}","templated":true}]}}