{"id":11,"date":"2024-11-25T07:54:00","date_gmt":"2024-11-25T07:54:00","guid":{"rendered":"https:\/\/yrittajienkokoomus.fi\/?page_id=11"},"modified":"2025-01-15T12:18:39","modified_gmt":"2025-01-15T12:18:39","slug":"etusivu","status":"publish","type":"page","link":"https:\/\/yrittajienkokoomus.fi\/","title":{"rendered":"ETUSIVU"},"content":{"rendered":"<h3 class=\"western\"><span style=\"font-size: x-large;\">Kokoomuksella on aktiivisesti toimiva j\u00e4rjest\u00f6kentt\u00e4 koko Suomessa.\u00a0<\/span><span style=\"font-size: x-large;\">Paikalliseen yritt\u00e4jien yhdisystoimintaan voit l\u00e4hte\u00e4 mukaan helposti liittym\u00e4ll\u00e4.<\/span><\/h3>\n<h3 class=\"western\"><em><span style=\"font-size: x-large;\"><strong>YRITT\u00c4JIEN KOKOOMUS LAHTI ry<\/strong> <\/span><\/em><\/h3>\n<h3 class=\"western\"><span style=\"font-size: x-large;\">Teemme kukin tavallamme tekoja yritt\u00e4jyyden eteen. Kokoomus on aatteellinen harrastus, jonka parissa opitaan uutta ja tavataan mahtavia ihmisi\u00e4.<\/span><\/h3>\n","protected":false},"excerpt":{"rendered":"<p>Kokoomuksella on aktiivisesti toimiva j\u00e4rjest\u00f6kentt\u00e4 koko Suomessa.\u00a0Paikalliseen yritt\u00e4jien yhdisystoimintaan voit l\u00e4hte\u00e4 mukaan helposti liittym\u00e4ll\u00e4. YRITT\u00c4JIEN KOKOOMUS LAHTI ry Teemme kukin tavallamme tekoja yritt\u00e4jyyden eteen. Kokoomus on aatteellinen harrastus, jonka parissa opitaan uutta ja tavataan mahtavia ihmisi\u00e4.<\/p>\n","protected":false},"author":1,"featured_media":0,"parent":0,"menu_order":0,"comment_status":"closed","ping_status":"closed","template":"","meta":{"footnotes":""},"class_list":["post-11","page","type-page","status-publish","hentry"],"_links":{"self":[{"href":"https:\/\/yrittajienkokoomus.fi\/index.php?rest_route=\/wp\/v2\/pages\/11","targetHints":{"allow":["GET"]}}],"collection":[{"href":"https:\/\/yrittajienkokoomus.fi\/index.php?rest_route=\/wp\/v2\/pages"}],"about":[{"href":"https:\/\/yrittajienkokoomus.fi\/index.php?rest_route=\/wp\/v2\/types\/page"}],"author":[{"embeddable":true,"href":"https:\/\/yrittajienkokoomus.fi\/index.php?rest_route=\/wp\/v2\/users\/1"}],"replies":[{"embeddable":true,"href":"https:\/\/yrittajienkokoomus.fi\/index.php?rest_route=%2Fwp%2Fv2%2Fcomments&post=11"}],"version-history":[{"count":4,"href":"https:\/\/yrittajienkokoomus.fi\/index.php?rest_route=\/wp\/v2\/pages\/11\/revisions"}],"predecessor-version":[{"id":153,"href":"https:\/\/yrittajienkokoomus.fi\/index.php?rest_route=\/wp\/v2\/pages\/11\/revisions\/153"}],"wp:attachment":[{"href":"https:\/\/yrittajienkokoomus.fi\/index.php?rest_route=%2Fwp%2Fv2%2Fmedia&parent=11"}],"curies":[{"name":"wp","href":"https:\/\/api.w.org\/{rel}","templated":true}]}}